{"id":8130,"date":"2025-04-24T14:04:18","date_gmt":"2025-04-24T14:04:18","guid":{"rendered":"https:\/\/encoremexico.wpenginepowered.com\/thank-you-for-your-rigging-request\/"},"modified":"2025-09-03T13:16:10","modified_gmt":"2025-09-03T13:16:10","slug":"gracias-por-su-solicitud-de-aparejo","status":"publish","type":"page","link":"https:\/\/www.encore-mx.com\/es\/gracias-por-su-solicitud-de-aparejo\/","title":{"rendered":"\u00a1Gracias por su solicitud de aparejo!"},"content":{"rendered":"<div class=\"custom-block padding--bottom \" > <div class=\"custom-html-container\"><style>\r\n.nav-section, .footer-section {\r\ndisplay: none;\r\n}\r\n<\/style>\r\n<script> const sR='body #main-content'; document.addEventListener('DOMContentLoaded',()=&gt;{if(self!==top){const rO=new ResizeObserver(e=&gt;{for(const a of e)top.postMessage({iframe_size:a.borderBoxSize[0].blockSize},'*')});const el=document.querySelector(sR);if(el)rO.observe(el)>; <\/script>\r\n<\/div> <\/div><div class=\"custom-block padding--bottom \" > <div class=\"single-resource-hero\" id=\"block_f1b3d22810448fd817606c86cc920215\" data-theme=\"midnight-elegance\"><div class=\"wrap-shapes\"><div class=\"container\"><div class=\"shapes\"><svg width=\"133\" height=\"91\" viewBox=\"0 0 133 91\" fill=\"none\" xmlns=\"http:\/\/www.w3.org\/2000\/svg\"><path d=\"M9.87022 19.5547L19 28.5581L9.87022 37.5615L0.740437 28.5581L9.87022 19.5547Z\" fill=\"var(--color2)\"\/><path d=\"M47.9562 0.000174339L71 22.7251L47.9562 45.45L24.9124 22.7251L47.9562 0.000174339Z\" fill=\"var(--color2)\"\/><path d=\"M38.9138 55.1376L53 69.0288L38.9139 82.92L24.8277 69.0288L38.9138 55.1376Z\" fill=\"var(--color3)\"\/><path d=\"M96.7761 19.3633L133 55.0859L96.776 90.8086L60.5521 55.0859L96.7761 19.3633Z\" fill=\"var(--color1)\"\/><\/svg><\/div><\/div><\/div><div class=\"container container--sm\"><div class=\"row align-center justify-between mobile-reverse\"><div class=\"col-12\"><div class=\"resource-hero__content\"> <h1 class=\"title headline\" data-pinnable>\u00a1Gracias por su solicitud de aparejo!\n<\/span><\/h1>  <div class=\"text\" data-pinnable><p>Un representante se pondr\u00e1 en contacto con usted en breve.<br \/>\n&nbsp;<br \/>\n&nbsp;<br \/>\n&nbsp;<\/p>\n<\/div>   <\/div><\/div><div class=\"col-12\"> <\/div><\/div><\/div><\/div><\/div><\/div> <\/div>\n<p><\/p>\n","protected":false},"excerpt":{"rendered":"","protected":false},"author":4,"featured_media":0,"parent":0,"menu_order":0,"comment_status":"closed","ping_status":"closed","template":"","meta":{"_acf_changed":false,"inline_featured_image":false,"footnotes":""},"class_list":["post-8130","page","type-page","status-publish","hentry"],"acf":[],"yoast_head":"<!-- This site is optimized with the Yoast SEO Premium plugin v24.9 (Yoast SEO v26.7) - https:\/\/yoast.com\/wordpress\/plugins\/seo\/ -->\n<title>\u00a1Gracias por su solicitud de aparejo! | Encore\u00ae<\/title>\n<meta name=\"description\" content=\"Acceda a la confirmaci\u00f3n de la solicitud de aparejo de Encore\u2014gracias por enviarla; nuestro equipo revisar\u00e1 las especificaciones y har\u00e1 seguimiento para finalizar los detalles y la programaci\u00f3n.\" \/>\n<meta name=\"robots\" content=\"index, follow, max-snippet:-1, max-image-preview:large, max-video-preview:-1\" \/>\n<link rel=\"canonical\" href=\"https:\/\/www.encore-mx.com\/es\/gracias-por-su-solicitud-de-aparejo\/\" \/>\n<meta property=\"og:locale\" content=\"es_MX\" \/>\n<meta property=\"og:type\" content=\"article\" \/>\n<meta property=\"og:title\" content=\"\u00a1Gracias por su solicitud de aparejo!\" \/>\n<meta property=\"og:description\" content=\"Acceda a la confirmaci\u00f3n de la solicitud de aparejo de Encore\u2014gracias por enviarla; nuestro equipo revisar\u00e1 las especificaciones y har\u00e1 seguimiento para finalizar los detalles y la programaci\u00f3n.\" \/>\n<meta property=\"og:url\" content=\"https:\/\/www.encore-mx.com\/es\/gracias-por-su-solicitud-de-aparejo\/\" \/>\n<meta property=\"og:site_name\" content=\"Encore\u00ae\" \/>\n<meta property=\"article:publisher\" content=\"https:\/\/www.facebook.com\/encoreglobal1\/\" \/>\n<meta property=\"article:modified_time\" content=\"2025-09-03T13:16:10+00:00\" \/>\n<meta property=\"og:image\" content=\"https:\/\/www.encore-mx.com\/wp-content\/uploads\/2025\/04\/encore-global-og.png\" \/>\n\t<meta property=\"og:image:width\" content=\"1200\" \/>\n\t<meta property=\"og:image:height\" content=\"675\" \/>\n\t<meta property=\"og:image:type\" content=\"image\/png\" \/>\n<meta name=\"twitter:card\" content=\"summary_large_image\" \/>\n<meta name=\"twitter:site\" content=\"@EncoreGlobal_\" \/>\n<script type=\"application\/ld+json\" class=\"yoast-schema-graph\">{\"@context\":\"https:\/\/schema.org\",\"@graph\":[{\"@type\":\"WebPage\",\"@id\":\"https:\/\/www.encore-mx.com\/es\/gracias-por-su-solicitud-de-aparejo\/\",\"url\":\"https:\/\/www.encore-mx.com\/es\/gracias-por-su-solicitud-de-aparejo\/\",\"name\":\"\u00a1Gracias por su solicitud de aparejo! | Encore\u00ae\",\"isPartOf\":{\"@id\":\"https:\/\/www.encore-mx.com\/es\/#website\"},\"datePublished\":\"2025-04-24T14:04:18+00:00\",\"dateModified\":\"2025-09-03T13:16:10+00:00\",\"description\":\"Acceda a la confirmaci\u00f3n de la solicitud de aparejo de Encore\u2014gracias por enviarla; nuestro equipo revisar\u00e1 las especificaciones y har\u00e1 seguimiento para finalizar los detalles y la programaci\u00f3n.\",\"breadcrumb\":{\"@id\":\"https:\/\/www.encore-mx.com\/es\/gracias-por-su-solicitud-de-aparejo\/#breadcrumb\"},\"inLanguage\":\"es\",\"potentialAction\":[{\"@type\":\"ReadAction\",\"target\":[\"https:\/\/www.encore-mx.com\/es\/gracias-por-su-solicitud-de-aparejo\/\"]}]},{\"@type\":\"BreadcrumbList\",\"@id\":\"https:\/\/www.encore-mx.com\/es\/gracias-por-su-solicitud-de-aparejo\/#breadcrumb\",\"itemListElement\":[{\"@type\":\"ListItem\",\"position\":1,\"name\":\"Home\",\"item\":\"https:\/\/www.encore-mx.com\/es\/\"},{\"@type\":\"ListItem\",\"position\":2,\"name\":\"\u00a1Gracias por su solicitud de aparejo!\"}]},{\"@type\":\"WebSite\",\"@id\":\"https:\/\/www.encore-mx.com\/es\/#website\",\"url\":\"https:\/\/www.encore-mx.com\/es\/\",\"name\":\"Encore\u00ae\",\"description\":\"Events That Transform\",\"publisher\":{\"@id\":\"https:\/\/www.encore-mx.com\/es\/#organization\"},\"potentialAction\":[{\"@type\":\"SearchAction\",\"target\":{\"@type\":\"EntryPoint\",\"urlTemplate\":\"https:\/\/www.encore-mx.com\/es\/?s={search_term_string}\"},\"query-input\":{\"@type\":\"PropertyValueSpecification\",\"valueRequired\":true,\"valueName\":\"search_term_string\"}}],\"inLanguage\":\"es\"},{\"@type\":\"Organization\",\"@id\":\"https:\/\/www.encore-mx.com\/es\/#organization\",\"name\":\"Encore\u00ae\",\"url\":\"https:\/\/www.encore-mx.com\/es\/\",\"logo\":{\"@type\":\"ImageObject\",\"inLanguage\":\"es\",\"@id\":\"https:\/\/www.encore-mx.com\/es\/#\/schema\/logo\/image\/\",\"url\":\"https:\/\/www.encore-mx.com\/wp-content\/uploads\/2025\/04\/encore-logo-e1743947984637.png\",\"contentUrl\":\"https:\/\/www.encore-mx.com\/wp-content\/uploads\/2025\/04\/encore-logo-e1743947984637.png\",\"width\":1202,\"height\":330,\"caption\":\"Encore\u00ae\"},\"image\":{\"@id\":\"https:\/\/www.encore-mx.com\/es\/#\/schema\/logo\/image\/\"},\"sameAs\":[\"https:\/\/www.facebook.com\/encoreglobal1\/\",\"https:\/\/x.com\/EncoreGlobal_\",\"https:\/\/www.instagram.com\/encore_global\/\",\"https:\/\/www.linkedin.com\/company\/encoreglobal\"]}]}<\/script>\n<!-- \/ Yoast SEO Premium plugin. -->","yoast_head_json":{"title":"\u00a1Gracias por su solicitud de aparejo! | Encore\u00ae","description":"Acceda a la confirmaci\u00f3n de la solicitud de aparejo de Encore\u2014gracias por enviarla; nuestro equipo revisar\u00e1 las especificaciones y har\u00e1 seguimiento para finalizar los detalles y la programaci\u00f3n.","robots":{"index":"index","follow":"follow","max-snippet":"max-snippet:-1","max-image-preview":"max-image-preview:large","max-video-preview":"max-video-preview:-1"},"canonical":"https:\/\/www.encore-mx.com\/es\/gracias-por-su-solicitud-de-aparejo\/","og_locale":"es_MX","og_type":"article","og_title":"\u00a1Gracias por su solicitud de aparejo!","og_description":"Acceda a la confirmaci\u00f3n de la solicitud de aparejo de Encore\u2014gracias por enviarla; nuestro equipo revisar\u00e1 las especificaciones y har\u00e1 seguimiento para finalizar los detalles y la programaci\u00f3n.","og_url":"https:\/\/www.encore-mx.com\/es\/gracias-por-su-solicitud-de-aparejo\/","og_site_name":"Encore\u00ae","article_publisher":"https:\/\/www.facebook.com\/encoreglobal1\/","article_modified_time":"2025-09-03T13:16:10+00:00","og_image":[{"width":1200,"height":675,"url":"https:\/\/www.encore-mx.com\/wp-content\/uploads\/2025\/04\/encore-global-og.png","type":"image\/png"}],"twitter_card":"summary_large_image","twitter_site":"@EncoreGlobal_","schema":{"@context":"https:\/\/schema.org","@graph":[{"@type":"WebPage","@id":"https:\/\/www.encore-mx.com\/es\/gracias-por-su-solicitud-de-aparejo\/","url":"https:\/\/www.encore-mx.com\/es\/gracias-por-su-solicitud-de-aparejo\/","name":"\u00a1Gracias por su solicitud de aparejo! | Encore\u00ae","isPartOf":{"@id":"https:\/\/www.encore-mx.com\/es\/#website"},"datePublished":"2025-04-24T14:04:18+00:00","dateModified":"2025-09-03T13:16:10+00:00","description":"Acceda a la confirmaci\u00f3n de la solicitud de aparejo de Encore\u2014gracias por enviarla; nuestro equipo revisar\u00e1 las especificaciones y har\u00e1 seguimiento para finalizar los detalles y la programaci\u00f3n.","breadcrumb":{"@id":"https:\/\/www.encore-mx.com\/es\/gracias-por-su-solicitud-de-aparejo\/#breadcrumb"},"inLanguage":"es","potentialAction":[{"@type":"ReadAction","target":["https:\/\/www.encore-mx.com\/es\/gracias-por-su-solicitud-de-aparejo\/"]}]},{"@type":"BreadcrumbList","@id":"https:\/\/www.encore-mx.com\/es\/gracias-por-su-solicitud-de-aparejo\/#breadcrumb","itemListElement":[{"@type":"ListItem","position":1,"name":"Home","item":"https:\/\/www.encore-mx.com\/es\/"},{"@type":"ListItem","position":2,"name":"\u00a1Gracias por su solicitud de aparejo!"}]},{"@type":"WebSite","@id":"https:\/\/www.encore-mx.com\/es\/#website","url":"https:\/\/www.encore-mx.com\/es\/","name":"Encore\u00ae","description":"Events That Transform","publisher":{"@id":"https:\/\/www.encore-mx.com\/es\/#organization"},"potentialAction":[{"@type":"SearchAction","target":{"@type":"EntryPoint","urlTemplate":"https:\/\/www.encore-mx.com\/es\/?s={search_term_string}"},"query-input":{"@type":"PropertyValueSpecification","valueRequired":true,"valueName":"search_term_string"}}],"inLanguage":"es"},{"@type":"Organization","@id":"https:\/\/www.encore-mx.com\/es\/#organization","name":"Encore\u00ae","url":"https:\/\/www.encore-mx.com\/es\/","logo":{"@type":"ImageObject","inLanguage":"es","@id":"https:\/\/www.encore-mx.com\/es\/#\/schema\/logo\/image\/","url":"https:\/\/www.encore-mx.com\/wp-content\/uploads\/2025\/04\/encore-logo-e1743947984637.png","contentUrl":"https:\/\/www.encore-mx.com\/wp-content\/uploads\/2025\/04\/encore-logo-e1743947984637.png","width":1202,"height":330,"caption":"Encore\u00ae"},"image":{"@id":"https:\/\/www.encore-mx.com\/es\/#\/schema\/logo\/image\/"},"sameAs":["https:\/\/www.facebook.com\/encoreglobal1\/","https:\/\/x.com\/EncoreGlobal_","https:\/\/www.instagram.com\/encore_global\/","https:\/\/www.linkedin.com\/company\/encoreglobal"]}]}},"_links":{"self":[{"href":"https:\/\/www.encore-mx.com\/es\/wp-json\/wp\/v2\/pages\/8130","targetHints":{"allow":["GET"]}}],"collection":[{"href":"https:\/\/www.encore-mx.com\/es\/wp-json\/wp\/v2\/pages"}],"about":[{"href":"https:\/\/www.encore-mx.com\/es\/wp-json\/wp\/v2\/types\/page"}],"author":[{"embeddable":true,"href":"https:\/\/www.encore-mx.com\/es\/wp-json\/wp\/v2\/users\/4"}],"replies":[{"embeddable":true,"href":"https:\/\/www.encore-mx.com\/es\/wp-json\/wp\/v2\/comments?post=8130"}],"version-history":[{"count":0,"href":"https:\/\/www.encore-mx.com\/es\/wp-json\/wp\/v2\/pages\/8130\/revisions"}],"wp:attachment":[{"href":"https:\/\/www.encore-mx.com\/es\/wp-json\/wp\/v2\/media?parent=8130"}],"curies":[{"name":"wp","href":"https:\/\/api.w.org\/{rel}","templated":true}]}}