{"id":9674,"date":"2026-01-20T16:57:05","date_gmt":"2026-01-20T16:57:05","guid":{"rendered":"https:\/\/www.encore-mx.com\/?page_id=9674"},"modified":"2026-01-21T15:36:58","modified_gmt":"2026-01-21T15:36:58","slug":"locations-header","status":"publish","type":"page","link":"https:\/\/www.encore-mx.com\/es\/locations-header\/","title":{"rendered":"Locations header \u2014 iframe content for global locator"},"content":{"rendered":"\n<div style=\"height:100px\" aria-hidden=\"true\" class=\"wp-block-spacer\"><\/div>\n\n\n<div class=\"custom-block \" > <div class=\"wrap-hero wrap-hero--decoration-centered \" data-theme=\"midnight-elegance\" ><div class=\"container\"><div class=\"row \"><div class=\"rhombus-decoration\"><svg width=\"133\" height=\"91\" viewBox=\"0 0 133 91\" fill=\"none\" xmlns=\"http:\/\/www.w3.org\/2000\/svg\"><path d=\"M123.13 71.2539L114 62.2505L123.13 53.2471L132.26 62.2505L123.13 71.2539Z\" fill=\"var(--color2)\"\/><path d=\"M85.0438 90.8084L62 68.0835L85.0438 45.3586L108.088 68.0835L85.0438 90.8084Z\" fill=\"var(--color1)\"\/><path d=\"M94.0862 35.671L80 21.7798L94.0861 7.88859L108.172 21.7798L94.0862 35.671Z\" fill=\" var(--color1)\"\/><path d=\"M36.224 71.4453L0 35.7227L36.224 -4.88276e-06L72.4479 35.7227L36.224 71.4453Z\" fill=\"var(--color3)\"\/><\/svg><\/div> <div class=\"hero__column hero__column--content\"><div class=\"hero__content\"> <h1 class=\"title title--xl headline\" data-pinnable>Encuentra un hotel u otro lugar para eventos\n<\/span><\/h1>  <div class=\"text text--lg\" data-pinnable><p>No importa d\u00f3nde te encuentres en el mundo, avanzaremos juntos con un entendimiento compartido de tu negocio y un enfoque \u00fanico en tu \u00e9xito. Conectamos las tendencias globales y las mejores pr\u00e1cticas con un conocimiento profundo de las particularidades regionales y locales.<\/p>\n<\/div>    <\/div><\/div><div class=\"hero__column hero__column--media\"><div class=\"hero__images-wrap\"><div class=\"hero__images   hero__3-images  \"> <svg width=\"1130\" height=\"565\" viewBox=\"0 0 1130 565\" fill=\"none\" xmlns=\"http:\/\/www.w3.org\/2000\/svg\" role=\"presentation\"><mask id=\"mask0_2220_4821\" style=\"mask-type:alpha\" maskUnits=\"userSpaceOnUse\" x=\"0\" y=\"0\" width=\"1130\" height=\"565\"><path d=\"M1130 0H0V565H1130V0Z\" fill=\"#B1B1B1\"\/><\/mask><g mask=\"url(#mask0_2220_4821)\"><path d=\"M607 488.343L669.834 425.323L732.669 488.343L669.834 551.363L607 488.343Z\" fill=\"var(--color1)\"\/><path d=\"M71 437.873L107.765 401L144.529 437.873L107.765 474.747L71 437.873Z\" fill=\"var(--color2)\"\/><path d=\"M1004 288.873L1040.76 252L1077.53 288.873L1040.76 325.747L1004 288.873Z\" fill=\"var(--color1)\"\/><path d=\"M846 132.206L876.117 102L906.233 132.206L876.117 162.411L846 132.206Z\" fill=\"var(--color3)\"\/><path d=\"M545 262.702L610.508 197L676.016 262.702L610.508 328.404L545 262.702Z\" fill=\"var(--color2)\"\/><path d=\"M975 431.702L1040.51 366L1106.02 431.702L1040.51 497.404L975 431.702Z\" fill=\"var(--color2)\"\/><\/g><\/svg>  <div class=\"rhombus rhombus1 transparent-bg\" data-pinnable> <picture><source media=\"(min-width: 1200px)\" srcset=\"https:\/\/www.encore-mx.com\/wp-content\/uploads\/2025\/04\/AdobeStock_98799516-edit.webp\" type=\"image\/webp\"><source media=\"(min-width: 992px)\" srcset=\"https:\/\/www.encore-mx.com\/wp-content\/uploads\/2025\/04\/AdobeStock_98799516-edit.webp\" type=\"image\/webp\"><source media=\"(min-width: 768px)\" srcset=\"https:\/\/www.encore-mx.com\/wp-content\/uploads\/2025\/04\/AdobeStock_98799516-edit-768x768.webp\" type=\"image\/webp\"><source srcset=\"https:\/\/www.encore-mx.com\/wp-content\/uploads\/2025\/04\/AdobeStock_98799516-edit.webp\" type=\"image\/webp\"><img decoding=\"async\" src=\"https:\/\/www.encore-mx.com\/wp-content\/uploads\/2025\/04\/AdobeStock_98799516-edit.jpg\" loading=\"lazy\" alt=\"A modern, empty conference room with a long table set with notepads, pens, water bottles, and cups. White chairs line both sides, and a screen at the front displays the \u201cEncore\u201d logo.\"><\/picture> <\/div><div class=\"rhombus rhombus2 transparent-bg\" data-pinnable> <picture><source media=\"(min-width: 1200px)\" srcset=\"https:\/\/www.encore-mx.com\/wp-content\/uploads\/2025\/04\/GLM1.22-2-2.webp\" type=\"image\/webp\"><source media=\"(min-width: 992px)\" srcset=\"https:\/\/www.encore-mx.com\/wp-content\/uploads\/2025\/04\/GLM1.22-2-2.webp\" type=\"image\/webp\"><source media=\"(min-width: 768px)\" srcset=\"https:\/\/www.encore-mx.com\/wp-content\/uploads\/2025\/04\/GLM1.22-2-2-768x768.webp\" type=\"image\/webp\"><source srcset=\"https:\/\/www.encore-mx.com\/wp-content\/uploads\/2025\/04\/GLM1.22-2-2.webp\" type=\"image\/webp\"><img decoding=\"async\" src=\"https:\/\/www.encore-mx.com\/wp-content\/uploads\/2025\/04\/GLM1.22-2-2.jpg\" loading=\"lazy\" alt=\"Rows of white chairs face a large stage with multiple screens displaying a blue cosmic scene in a modern, spacious conference hall with dramatic lighting and elegant hanging lights.\"><\/picture> <\/div> <div class=\"rhombus rhombus3 transparent-bg\" data-pinnable> <picture><source media=\"(min-width: 1200px)\" srcset=\"https:\/\/www.encore-mx.com\/wp-content\/uploads\/2025\/04\/AdobeStock_442174707-edit.webp\" type=\"image\/webp\"><source media=\"(min-width: 992px)\" srcset=\"https:\/\/www.encore-mx.com\/wp-content\/uploads\/2025\/04\/AdobeStock_442174707-edit.webp\" type=\"image\/webp\"><source media=\"(min-width: 768px)\" srcset=\"https:\/\/www.encore-mx.com\/wp-content\/uploads\/2025\/04\/AdobeStock_442174707-edit-768x768.webp\" type=\"image\/webp\"><source srcset=\"https:\/\/www.encore-mx.com\/wp-content\/uploads\/2025\/04\/AdobeStock_442174707-edit.webp\" type=\"image\/webp\"><img decoding=\"async\" src=\"https:\/\/www.encore-mx.com\/wp-content\/uploads\/2025\/04\/AdobeStock_442174707-edit.jpg\" loading=\"lazy\" alt=\"Two men in business attire shake hands in the lobby of a modern building with polished floors, lounge chairs, and large windows letting in natural light.\"><\/picture> <\/div> <\/div><\/div><\/div><\/div><\/div><\/div><\/div> <\/div>\n\n<div class=\"custom-block padding--bottom \" > <div class=\"custom-html-container\"><style>\r\n    #footer {\r\n    display: none !important;\r\n    }\r\n\r\nbody {\r\n  background: transparent;\r\n}\r\n\r\n.main-container {\r\n  background-color: transparent;\r\n}\r\n\r\n<\/style>\r\n<\/div> <\/div>","protected":false},"excerpt":{"rendered":"","protected":false},"author":4,"featured_media":0,"parent":0,"menu_order":0,"comment_status":"closed","ping_status":"closed","template":"","meta":{"_acf_changed":false,"inline_featured_image":false,"footnotes":""},"class_list":["post-9674","page","type-page","status-publish","hentry"],"acf":[],"yoast_head":"<!-- This site is optimized with the Yoast SEO Premium plugin v24.9 (Yoast SEO v26.7) - https:\/\/yoast.com\/wordpress\/plugins\/seo\/ -->\n<title>Locations header \u2014 iframe content for global locator | Encore\u00ae<\/title>\n<meta name=\"description\" content=\"No importa d\u00f3nde te encuentres en el mundo, avanzaremos juntos con un entendimiento compartido de tu negocio y un enfoque \u00fanico en tu \u00e9xito. Conectamos las tendencias globales y las mejores pr\u00e1cticas con un conocimiento profundo de las particularidades regionales y locales.\" \/>\n<meta name=\"robots\" content=\"index, follow, max-snippet:-1, max-image-preview:large, max-video-preview:-1\" \/>\n<link rel=\"canonical\" href=\"https:\/\/www.encore-mx.com\/es\/locations-header\/\" \/>\n<meta property=\"og:locale\" content=\"es_MX\" \/>\n<meta property=\"og:type\" content=\"article\" \/>\n<meta property=\"og:title\" content=\"Locations header \u2014 iframe content for global locator\" \/>\n<meta property=\"og:description\" content=\"No importa d\u00f3nde te encuentres en el mundo, avanzaremos juntos con un entendimiento compartido de tu negocio y un enfoque \u00fanico en tu \u00e9xito. Conectamos las tendencias globales y las mejores pr\u00e1cticas con un conocimiento profundo de las particularidades regionales y locales.\" \/>\n<meta property=\"og:url\" content=\"https:\/\/www.encore-mx.com\/es\/locations-header\/\" \/>\n<meta property=\"og:site_name\" content=\"Encore\u00ae\" \/>\n<meta property=\"article:publisher\" content=\"https:\/\/www.facebook.com\/encoreglobal1\/\" \/>\n<meta property=\"article:modified_time\" content=\"2026-01-21T15:36:58+00:00\" \/>\n<meta property=\"og:image\" content=\"https:\/\/www.encore-mx.com\/wp-content\/uploads\/2025\/04\/encore-global-og.png\" \/>\n\t<meta property=\"og:image:width\" content=\"1200\" \/>\n\t<meta property=\"og:image:height\" content=\"675\" \/>\n\t<meta property=\"og:image:type\" content=\"image\/png\" \/>\n<meta name=\"twitter:card\" content=\"summary_large_image\" \/>\n<meta name=\"twitter:site\" content=\"@EncoreGlobal_\" \/>\n<script type=\"application\/ld+json\" class=\"yoast-schema-graph\">{\"@context\":\"https:\/\/schema.org\",\"@graph\":[{\"@type\":\"WebPage\",\"@id\":\"https:\/\/www.encore-mx.com\/es\/locations-header\/\",\"url\":\"https:\/\/www.encore-mx.com\/es\/locations-header\/\",\"name\":\"Locations header \u2014 iframe content for global locator | Encore\u00ae\",\"isPartOf\":{\"@id\":\"https:\/\/www.encore-mx.com\/es\/#website\"},\"datePublished\":\"2026-01-20T16:57:05+00:00\",\"dateModified\":\"2026-01-21T15:36:58+00:00\",\"description\":\"No importa d\u00f3nde te encuentres en el mundo, avanzaremos juntos con un entendimiento compartido de tu negocio y un enfoque \u00fanico en tu \u00e9xito. Conectamos las tendencias globales y las mejores pr\u00e1cticas con un conocimiento profundo de las particularidades regionales y locales.\",\"breadcrumb\":{\"@id\":\"https:\/\/www.encore-mx.com\/es\/locations-header\/#breadcrumb\"},\"inLanguage\":\"es\",\"potentialAction\":[{\"@type\":\"ReadAction\",\"target\":[\"https:\/\/www.encore-mx.com\/es\/locations-header\/\"]}]},{\"@type\":\"BreadcrumbList\",\"@id\":\"https:\/\/www.encore-mx.com\/es\/locations-header\/#breadcrumb\",\"itemListElement\":[{\"@type\":\"ListItem\",\"position\":1,\"name\":\"Home\",\"item\":\"https:\/\/www.encore-mx.com\/es\/\"},{\"@type\":\"ListItem\",\"position\":2,\"name\":\"Locations header \u2014 iframe content for global locator\"}]},{\"@type\":\"WebSite\",\"@id\":\"https:\/\/www.encore-mx.com\/es\/#website\",\"url\":\"https:\/\/www.encore-mx.com\/es\/\",\"name\":\"Encore\u00ae\",\"description\":\"Events That Transform\",\"publisher\":{\"@id\":\"https:\/\/www.encore-mx.com\/es\/#organization\"},\"potentialAction\":[{\"@type\":\"SearchAction\",\"target\":{\"@type\":\"EntryPoint\",\"urlTemplate\":\"https:\/\/www.encore-mx.com\/es\/?s={search_term_string}\"},\"query-input\":{\"@type\":\"PropertyValueSpecification\",\"valueRequired\":true,\"valueName\":\"search_term_string\"}}],\"inLanguage\":\"es\"},{\"@type\":\"Organization\",\"@id\":\"https:\/\/www.encore-mx.com\/es\/#organization\",\"name\":\"Encore\u00ae\",\"url\":\"https:\/\/www.encore-mx.com\/es\/\",\"logo\":{\"@type\":\"ImageObject\",\"inLanguage\":\"es\",\"@id\":\"https:\/\/www.encore-mx.com\/es\/#\/schema\/logo\/image\/\",\"url\":\"https:\/\/www.encore-mx.com\/wp-content\/uploads\/2025\/04\/encore-logo-e1743947984637.png\",\"contentUrl\":\"https:\/\/www.encore-mx.com\/wp-content\/uploads\/2025\/04\/encore-logo-e1743947984637.png\",\"width\":1202,\"height\":330,\"caption\":\"Encore\u00ae\"},\"image\":{\"@id\":\"https:\/\/www.encore-mx.com\/es\/#\/schema\/logo\/image\/\"},\"sameAs\":[\"https:\/\/www.facebook.com\/encoreglobal1\/\",\"https:\/\/x.com\/EncoreGlobal_\",\"https:\/\/www.instagram.com\/encore_global\/\",\"https:\/\/www.linkedin.com\/company\/encoreglobal\"]}]}<\/script>\n<!-- \/ Yoast SEO Premium plugin. -->","yoast_head_json":{"title":"Locations header \u2014 iframe content for global locator | Encore\u00ae","description":"No importa d\u00f3nde te encuentres en el mundo, avanzaremos juntos con un entendimiento compartido de tu negocio y un enfoque \u00fanico en tu \u00e9xito. Conectamos las tendencias globales y las mejores pr\u00e1cticas con un conocimiento profundo de las particularidades regionales y locales.","robots":{"index":"index","follow":"follow","max-snippet":"max-snippet:-1","max-image-preview":"max-image-preview:large","max-video-preview":"max-video-preview:-1"},"canonical":"https:\/\/www.encore-mx.com\/es\/locations-header\/","og_locale":"es_MX","og_type":"article","og_title":"Locations header \u2014 iframe content for global locator","og_description":"No importa d\u00f3nde te encuentres en el mundo, avanzaremos juntos con un entendimiento compartido de tu negocio y un enfoque \u00fanico en tu \u00e9xito. Conectamos las tendencias globales y las mejores pr\u00e1cticas con un conocimiento profundo de las particularidades regionales y locales.","og_url":"https:\/\/www.encore-mx.com\/es\/locations-header\/","og_site_name":"Encore\u00ae","article_publisher":"https:\/\/www.facebook.com\/encoreglobal1\/","article_modified_time":"2026-01-21T15:36:58+00:00","og_image":[{"width":1200,"height":675,"url":"https:\/\/www.encore-mx.com\/wp-content\/uploads\/2025\/04\/encore-global-og.png","type":"image\/png"}],"twitter_card":"summary_large_image","twitter_site":"@EncoreGlobal_","schema":{"@context":"https:\/\/schema.org","@graph":[{"@type":"WebPage","@id":"https:\/\/www.encore-mx.com\/es\/locations-header\/","url":"https:\/\/www.encore-mx.com\/es\/locations-header\/","name":"Locations header \u2014 iframe content for global locator | Encore\u00ae","isPartOf":{"@id":"https:\/\/www.encore-mx.com\/es\/#website"},"datePublished":"2026-01-20T16:57:05+00:00","dateModified":"2026-01-21T15:36:58+00:00","description":"No importa d\u00f3nde te encuentres en el mundo, avanzaremos juntos con un entendimiento compartido de tu negocio y un enfoque \u00fanico en tu \u00e9xito. Conectamos las tendencias globales y las mejores pr\u00e1cticas con un conocimiento profundo de las particularidades regionales y locales.","breadcrumb":{"@id":"https:\/\/www.encore-mx.com\/es\/locations-header\/#breadcrumb"},"inLanguage":"es","potentialAction":[{"@type":"ReadAction","target":["https:\/\/www.encore-mx.com\/es\/locations-header\/"]}]},{"@type":"BreadcrumbList","@id":"https:\/\/www.encore-mx.com\/es\/locations-header\/#breadcrumb","itemListElement":[{"@type":"ListItem","position":1,"name":"Home","item":"https:\/\/www.encore-mx.com\/es\/"},{"@type":"ListItem","position":2,"name":"Locations header \u2014 iframe content for global locator"}]},{"@type":"WebSite","@id":"https:\/\/www.encore-mx.com\/es\/#website","url":"https:\/\/www.encore-mx.com\/es\/","name":"Encore\u00ae","description":"Events That Transform","publisher":{"@id":"https:\/\/www.encore-mx.com\/es\/#organization"},"potentialAction":[{"@type":"SearchAction","target":{"@type":"EntryPoint","urlTemplate":"https:\/\/www.encore-mx.com\/es\/?s={search_term_string}"},"query-input":{"@type":"PropertyValueSpecification","valueRequired":true,"valueName":"search_term_string"}}],"inLanguage":"es"},{"@type":"Organization","@id":"https:\/\/www.encore-mx.com\/es\/#organization","name":"Encore\u00ae","url":"https:\/\/www.encore-mx.com\/es\/","logo":{"@type":"ImageObject","inLanguage":"es","@id":"https:\/\/www.encore-mx.com\/es\/#\/schema\/logo\/image\/","url":"https:\/\/www.encore-mx.com\/wp-content\/uploads\/2025\/04\/encore-logo-e1743947984637.png","contentUrl":"https:\/\/www.encore-mx.com\/wp-content\/uploads\/2025\/04\/encore-logo-e1743947984637.png","width":1202,"height":330,"caption":"Encore\u00ae"},"image":{"@id":"https:\/\/www.encore-mx.com\/es\/#\/schema\/logo\/image\/"},"sameAs":["https:\/\/www.facebook.com\/encoreglobal1\/","https:\/\/x.com\/EncoreGlobal_","https:\/\/www.instagram.com\/encore_global\/","https:\/\/www.linkedin.com\/company\/encoreglobal"]}]}},"_links":{"self":[{"href":"https:\/\/www.encore-mx.com\/es\/wp-json\/wp\/v2\/pages\/9674","targetHints":{"allow":["GET"]}}],"collection":[{"href":"https:\/\/www.encore-mx.com\/es\/wp-json\/wp\/v2\/pages"}],"about":[{"href":"https:\/\/www.encore-mx.com\/es\/wp-json\/wp\/v2\/types\/page"}],"author":[{"embeddable":true,"href":"https:\/\/www.encore-mx.com\/es\/wp-json\/wp\/v2\/users\/4"}],"replies":[{"embeddable":true,"href":"https:\/\/www.encore-mx.com\/es\/wp-json\/wp\/v2\/comments?post=9674"}],"version-history":[{"count":0,"href":"https:\/\/www.encore-mx.com\/es\/wp-json\/wp\/v2\/pages\/9674\/revisions"}],"wp:attachment":[{"href":"https:\/\/www.encore-mx.com\/es\/wp-json\/wp\/v2\/media?parent=9674"}],"curies":[{"name":"wp","href":"https:\/\/api.w.org\/{rel}","templated":true}]}}